{"id":138,"date":"2025-08-22T19:58:25","date_gmt":"2025-08-22T19:58:25","guid":{"rendered":"http:\/\/alfonsoyraquel.es\/?page_id=138"},"modified":"2025-09-06T19:02:12","modified_gmt":"2025-09-06T19:02:12","slug":"map-1","status":"publish","type":"page","link":"https:\/\/alfonsoyraquel.es\/?page_id=138","title":{"rendered":"Localizaci\u00f3n"},"content":{"rendered":"\n\n\n\n\n\n\n\n\n\n<div id=\"wpgmza_map\" class=\"wpgmza_map\" data-settings='{\"id\":\"1\",\"map_title\":\"Localizaci\\u00f3n\",\"map_width\":\"100\",\"map_height\":\"400\",\"map_start_lat\":\"41.1581573\",\"map_start_lng\":\"-4.0052628\",\"map_start_location\":\"45.950464398418106,-109.81550500000003\",\"map_start_zoom\":\"9\",\"default_marker\":\"\",\"type\":\"0\",\"alignment\":\"4\",\"directions_enabled\":\"0\",\"styling_enabled\":\"0\",\"styling_json\":\"\",\"active\":\"0\",\"kml\":\"\",\"bicycle\":\"0\",\"traffic\":\"0\",\"dbox\":\"0\",\"dbox_width\":\"\",\"listmarkers\":\"0\",\"listmarkers_advanced\":\"0\",\"filterbycat\":\"0\",\"ugm_enabled\":\"0\",\"ugm_category_enabled\":\"0\",\"fusion\":\"\",\"map_width_type\":\"%\",\"map_height_type\":\"px\",\"mass_marker_support\":\"0\",\"ugm_access\":\"0\",\"order_markers_by\":\"0\",\"order_markers_choice\":\"0\",\"show_user_location\":\"0\",\"default_to\":\"\",\"other_settings\":{\"map_type\":1,\"sl_stroke_color\":\"\",\"sl_fill_color\":\"\",\"sl_stroke_opacity\":\"\",\"sl_fill_opacity\":\"\",\"transport_layer\":false,\"action\":\"wpgmza_save_map\",\"redirect_to\":\"\\\/wp-admin\\\/admin-post.php\",\"map_id\":\"1\",\"http_referer\":\"\\\/wp-admin\\\/admin.php?page=wp-google-maps-menu&amp;amp;action=edit&amp;amp;map_id=1\",\"wpgmza_id\":\"1\",\"wpgmza_start_location\":\"41.1581573,-4.0052628\",\"wpgmza_start_zoom\":\"10\",\"store_locator_enabled\":false,\"store_locator_search_area\":\"radial\",\"wpgmza_store_locator_radius_style\":\"legacy\",\"wpgmza_store_locator_default_radius\":\"10\",\"store_locator_auto_area_max_zoom\":\"\",\"store_locator_distance\":false,\"wpgmza_store_locator_position\":false,\"store_locator_show_distance\":false,\"store_locator_category\":false,\"wpgmza_store_locator_use_their_location\":false,\"wpgmza_store_locator_bounce\":false,\"wpgmza_sl_animation\":null,\"wpgmza_store_locator_hide_before_search\":false,\"store_locator_query_string\":\"\",\"store_locator_location_placeholder\":\"\",\"store_locator_default_address\":\"\",\"store_locator_name_search\":false,\"store_locator_name_string\":\"\",\"store_locator_not_found_message\":\"\",\"wpgmza_map_align\":\"1\",\"jump_to_nearest_marker_on_initialization\":false,\"automatically_pan_to_users_location\":false,\"override_users_location_zoom_level\":false,\"override_users_location_zoom_levels\":\"\",\"show_distance_from_location\":false,\"map_max_zoom\":\"21\",\"map_min_zoom\":\"0\",\"click_open_link\":false,\"fit_maps_bounds_to_markers\":false,\"fit_maps_bounds_to_markers_after_filtering\":false,\"hide_point_of_interest\":false,\"wpgmza_zoom_on_marker_click\":false,\"wpgmza_zoom_on_marker_click_slider\":\"\",\"close_infowindow_on_map_click\":false,\"disable_lightbox_images\":false,\"use_Raw_Jpeg_Coordinates\":false,\"disable_polygon_info_windows\":false,\"enable_marker_ratings\":false,\"enable_marker_labels\":false,\"only_load_markers_within_viewport\":false,\"zoom_level_mobile_override_enabled\":false,\"zoom_level_mobile_override\":\"\",\"iw_primary_color\":\"#000000\",\"iw_accent_color\":\"#000000\",\"iw_text_color\":\"#000000\",\"wpgmza_listmarkers_by\":\"0\",\"wpgmza_marker_listing_position\":false,\"zoom_level_on_marker_listing_override\":false,\"zoom_level_on_marker_listing_click\":\"\",\"marker_listing_disable_zoom\":false,\"datatable_no_result_message\":\"\",\"remove_search_box_datables\":false,\"dataTable_pagination_style\":null,\"datatable_search_string\":\"\",\"datatable_result_start\":\"\",\"datatable_result_of\":\"\",\"datatable_result_to\":\"\",\"datatable_result_total\":\"\",\"datatable_result_show\":\"\",\"datatable_result_entries\":\"\",\"wpgmza_savemap\":\"Save Map \\u00bb\"}}' data-map-id='1' Data-maps-engine='open-layers' data-shortcode-attributes='{\"id\":\"1\"}' style=\"display:block; overflow:auto; width:100%; height:400px; float:left;\"><\/div>\n\n\n\n\n\n\n\n\n<p>EN COCHE:<\/p>\n\n\n\n<p>A6 direcci\u00f3n &#8220;A Coru\u00f1a&#8221;.<br>En el km 61, coger AP 61 direcci\u00f3n &#8220;Segovia&#8221;<br>Salida 88AB, coge la SG20 direcci\u00f3n &#8220;Valladolid&#8221;<br>Salida 1, coges la A601 direcci\u00f3n &#8220;Cuellar\/Valladolid&#8221;.<br>Salida 104, coge la CL 603 direcci\u00f3n &#8220;Tur\u00e9gano\/Cantalejo&#8221;.<br>Sigue por la CL603 durante 24km hasta cruzar la plaza del pueblo de Tur\u00e9gano.<br>Seguramente puedas aparcar ah\u00ed en la plaza, pero ten cuidado, que los s\u00e1bados por la ma\u00f1ana hay mercado, aparca en el lado donde est\u00e1n los bares, ah\u00ed no hay problema.<\/p>\n\n\n\n<p>EN TRANSPORTE P\u00daBLICO:<\/p>\n\n\n\n<p>Primero hay que llegar a Segovia.<br>Hay autobuses desde el Intercambiador de Moncloa (<a href=\"https:\/\/www.avanzabus.com\/\" data-type=\"link\" data-id=\"https:\/\/www.avanzabus.com\/\" target=\"_blank\" rel=\"noreferrer noopener nofollow\">www.avanzabus.com<\/a>).<br>Y trenes desde la estaci\u00f3n de Chamart\u00edn (<a href=\"https:\/\/www.renfe.com\/es\/es\" data-type=\"link\" data-id=\"https:\/\/www.renfe.com\/es\/es\" target=\"_blank\" rel=\"noreferrer noopener nofollow\">www.renfe.es<\/a>). La estaci\u00f3n de tren de Segovia est\u00e1 fuera de la ciudad, pero hay buses frecuentes al centro (el 12 a la estaci\u00f3n de autobuses es la mejor opci\u00f3n).<\/p>\n\n\n\n<p>Una vez en Segovia, os recomendamos llamar para que alguien os recoja en coche.<br>Tambi\u00e9n hay autobuses de l\u00ednea desde la estaci\u00f3n de autobuses, pero son pocos.<br>Es la l\u00ednea de Segovia-Cantalejo-Aranda de Duero. <a href=\"https:\/\/www.linecar.es\/\" target=\"_blank\" rel=\"noreferrer noopener nofollow\">https:\/\/www.linecar.es\/<\/a><\/p>\n\n\n\n<p><br><\/p>\n\n\n\n\n\n\n\n<p>A1 direcci\u00f3n &#8220;Madrid&#8221;.<br>En el km 154, coge la salida en direcci\u00f3n &#8220;Soria&#8221;.<br>Incorp\u00f3rate a la A11, pero atento, que no vas a Soria, tienes que salirte en seguida. La primera salida que va para Burgos no (de ah\u00ed es de donde vienes).<br>Coge la segunda salida, direcci\u00f3n a &#8220;Aranda de Duero&#8221;, pero ojo, que tampoco vas a Aranda.<br>En la rotonda, coge la primer\u00edsima salida, en direcci\u00f3n a &#8220;Segovia&#8221; y &#8220;Cantalejo&#8221;.<br>Sigue por la CL603 durante 67km hasta cruzar la plaza del pueblo de Tur\u00e9gano.<br>Seguramente puedas aparcar ah\u00ed en la plaza, pero ten cuidado, que los s\u00e1bados por la ma\u00f1ana hay mercado, aparca en el lado donde est\u00e1n los bares, ah\u00ed no hay problema.<\/p>\n\n\n\n<p>EN TRANSPORTE P\u00daBLICO:<\/p>\n\n\n\n<p>Primero hay que llegar a Segovia.<br>Lo m\u00e1s f\u00e1cil suele ser el tren (<a href=\"https:\/\/www.renfe.com\/es\/es\" data-type=\"link\" data-id=\"https:\/\/www.renfe.com\/es\/es\">ww<\/a><a href=\"https:\/\/www.renfe.com\/es\/es\" data-type=\"link\" data-id=\"https:\/\/www.renfe.com\/es\/es\" target=\"_blank\" rel=\"noreferrer noopener nofollow\">w<\/a><a href=\"https:\/\/www.renfe.com\/es\/es\" data-type=\"link\" data-id=\"https:\/\/www.renfe.com\/es\/es\">.renfe.es<\/a>). La estaci\u00f3n de tren de Segovia est\u00e1 fuera de la ciudad, pero hay buses frecuentes al centro (el 12 a la estaci\u00f3n de autobuses es la mejor opci\u00f3n).<\/p>\n\n\n\n<p>Una vez en Segovia, os recomendamos llamar para que alguien os recoja en coche.<br>Tambi\u00e9n hay autobuses de l\u00ednea desde la estaci\u00f3n de autobuses, pero son pocos.<br>Es la l\u00ednea de Segovia-Cantalejo-Aranda de Duero. <a href=\"https:\/\/www.linecar.es\/\" target=\"_blank\" rel=\"noreferrer noopener nofollow\">https:\/\/www.linecar.es\/<\/a><\/p>\n\n\n\n<p><br><\/p>\n\n\n\n\n\n\n\n\n\n\n\n\n\n\n\n\n\n<p>If you arrive to the T4:<br>Take &#8220;Cercan\u00edas&#8221; to Chamartin (You can buy the tickets right there).<br>There yoy can take a train to &#8220;Segovia-Guiomar&#8221; buy the tickets in advance (<a href=\"https:\/\/www.renfe.com\/es\/es\" data-type=\"link\" data-id=\"https:\/\/www.renfe.com\/es\/es\">ww<\/a><a href=\"https:\/\/www.renfe.com\/es\/es\" data-type=\"link\" data-id=\"https:\/\/www.renfe.com\/es\/es\" target=\"_blank\" rel=\"noreferrer noopener nofollow\">w.renfe.es<\/a>). <br>Once you Arrive to Segovia, you can follow the instructions above&#8230; the best option is to call someone to come pick you up in Segovia and go to Tur\u00e9gano by car.<\/p>\n\n\n\n<p>If you arrive to the T1, T2 or T3:<br>Take the subway &#8220;Metro&#8221;, (You can buy the tickets right there).<br>Go by subway L8 to &#8220;Nuevos Ministerios&#8221;, there you can change to:<br>L10 north to go to &#8220;Chamartin&#8221; and take a train to Segovia. Buy the tickets in advance (<a href=\"https:\/\/www.renfe.com\/es\/es\" data-type=\"link\" data-id=\"https:\/\/www.renfe.com\/es\/es\">ww<\/a><a href=\"https:\/\/www.renfe.com\/es\/es\" data-type=\"link\" data-id=\"https:\/\/www.renfe.com\/es\/es\" target=\"_blank\" rel=\"noreferrer noopener nofollow\">w.renfe.es<\/a>). <br>Or, L6 counterclockwise to go to &#8220;Moncloa&#8221; and take a bus to Segovia. Buy the tickets in advance (<a href=\"https:\/\/www.avanzabus.com\/\" data-type=\"link\" data-id=\"https:\/\/www.avanzabus.com\/\" target=\"_blank\" rel=\"noreferrer noopener nofollow\">www.avanzabus.com<\/a>).<br><br>Once you Arrive to Segovia, you can follow the instructions above&#8230; the best option is to call someone to come pick you up in Segovia and go to Tur\u00e9gano by car.<\/p>\n\n\n","protected":false},"excerpt":{"rendered":"<p>EN COCHE: A6 direcci\u00f3n &#8220;A Coru\u00f1a&#8221;.En el km 61, coger AP 61 direcci\u00f3n &#8220;Segovia&#8221;Salida 88AB, coge la SG20 direcci\u00f3n &#8220;Valladolid&#8221;Salida 1, coges la A601 direcci\u00f3n &#8220;Cuellar\/Valladolid&#8221;.Salida 104, coge la CL 603 direcci\u00f3n &#8220;Tur\u00e9gano\/Cantalejo&#8221;.Sigue por la CL603 durante 24km hasta cruzar la plaza del pueblo de Tur\u00e9gano.Seguramente puedas aparcar ah\u00ed en la plaza, pero ten cuidado, [&hellip;]<\/p>\n","protected":false},"author":1,"featured_media":0,"parent":0,"menu_order":0,"comment_status":"closed","ping_status":"closed","template":"","meta":{"saved_in_kubio":true,"footnotes":""},"class_list":["post-138","page","type-page","status-publish","hentry"],"kubio_ai_page_context":{"short_desc":"","purpose":"general"},"_links":{"self":[{"href":"https:\/\/alfonsoyraquel.es\/index.php?rest_route=\/wp\/v2\/pages\/138","targetHints":{"allow":["GET"]}}],"collection":[{"href":"https:\/\/alfonsoyraquel.es\/index.php?rest_route=\/wp\/v2\/pages"}],"about":[{"href":"https:\/\/alfonsoyraquel.es\/index.php?rest_route=\/wp\/v2\/types\/page"}],"author":[{"embeddable":true,"href":"https:\/\/alfonsoyraquel.es\/index.php?rest_route=\/wp\/v2\/users\/1"}],"replies":[{"embeddable":true,"href":"https:\/\/alfonsoyraquel.es\/index.php?rest_route=%2Fwp%2Fv2%2Fcomments&post=138"}],"version-history":[{"count":14,"href":"https:\/\/alfonsoyraquel.es\/index.php?rest_route=\/wp\/v2\/pages\/138\/revisions"}],"predecessor-version":[{"id":188,"href":"https:\/\/alfonsoyraquel.es\/index.php?rest_route=\/wp\/v2\/pages\/138\/revisions\/188"}],"wp:attachment":[{"href":"https:\/\/alfonsoyraquel.es\/index.php?rest_route=%2Fwp%2Fv2%2Fmedia&parent=138"}],"curies":[{"name":"wp","href":"https:\/\/api.w.org\/{rel}","templated":true}]}}